{"id":1945,"date":"2011-06-15T14:54:49","date_gmt":"2011-06-15T19:54:49","guid":{"rendered":"https:\/\/www.phragmites.crad.ulaval.ca\/dev\/?page_id=1945"},"modified":"2021-02-02T09:22:59","modified_gmt":"2021-02-02T14:22:59","slug":"theses","status":"publish","type":"page","link":"https:\/\/www.phragmites.crad.ulaval.ca\/en\/publication\/theses\/","title":{"rendered":"Theses and Dissertations"},"content":{"rendered":"<h1>Theses and Dissertations<\/h1>\n<p><strong>GAGN\u00c9, V. 2021.<\/strong> <em>Planification d&#8217;une strat\u00e9gie de lutte contre le myriophylle \u00e0 \u00e9pis (Myriophyllum spicatum)<\/em>, Universit\u00e9 Laval, Qu\u00e9bec\n- <a href='https:\/\/www.phragmites.crad.ulaval.ca\/wp-content\/uploads\/2022\/06\/37819.pdf'>Download<\/a> <img src='https:\/\/www.phragmites.crad.ulaval.ca\/wp-content\/themes\/CRAD-Commun\/medias\/images\/pdf_icon.gif'><\/p><p><strong>MATTE, R. 2020.<\/strong> <em>Crues, diss\u00e9mination et impact de la renou\u00e9e du Japon en milieux riverains, <\/em>Universit\u00e9 Laval, Qu\u00e9bec\n- <a href='https:\/\/www.phragmites.crad.ulaval.ca\/wp-content\/uploads\/2022\/06\/36671.pdf'>Download<\/a> <img src='https:\/\/www.phragmites.crad.ulaval.ca\/wp-content\/themes\/CRAD-Commun\/medias\/images\/pdf_icon.gif'><\/p><p><strong>DUBOIS, C. 2019.<\/strong> <em>Comment la v\u00e9g\u00e9tation des milieux humides du lac Saint-Pierre a-t-elle chang\u00e9 au cours des 15 derni\u00e8res ann\u00e9es?,\u00a0<\/em>Universit\u00e9 Laval, Qu\u00e9bec\n- <a href='https:\/\/www.phragmites.crad.ulaval.ca\/wp-content\/uploads\/2022\/06\/35125.pdf'>Download<\/a> <img src='https:\/\/www.phragmites.crad.ulaval.ca\/wp-content\/themes\/CRAD-Commun\/medias\/images\/pdf_icon.gif'><\/p><p><strong>MESSIER, F. 2017.<\/strong> <em>\u00c9valuation de m\u00e9thodes de lutte aux plantes envahissantes en tourbi\u00e8re: les cas de la quenouille et du roseau, <\/em>Universit\u00e9 Laval, Qu\u00e9bec\n- <a href='https:\/\/www.phragmites.crad.ulaval.ca\/wp-content\/uploads\/2022\/06\/33408.pdf'>Download<\/a> <img src='https:\/\/www.phragmites.crad.ulaval.ca\/wp-content\/themes\/CRAD-Commun\/medias\/images\/pdf_icon.gif'><\/p><p><strong>ALBERT, A. 2016.<\/strong> <em>M\u00e9canismes de propagation du roseau commun envahisseur au Qu\u00e9bec<\/em>. Th\u00e8se, Ph. D. Institut de recherche en biologie v\u00e9g\u00e9tale, Universit\u00e9 de Montr\u00e9al, Montr\u00e9al, Qu\u00e9bec.\n- <a href='https:\/\/www.phragmites.crad.ulaval.ca\/wp-content\/uploads\/2021\/01\/TheseDoctorat-ArnaudAlbert.pdf'>Download<\/a> <img src='https:\/\/www.phragmites.crad.ulaval.ca\/wp-content\/themes\/CRAD-Commun\/medias\/images\/pdf_icon.gif'><\/p><p><strong>BYUN, C. 2015.<\/strong> <em>Determinants of biotic resistance to invasion in plant community reassembly<\/em>. Th\u00e8se Ph.D., McGill University, Montr\u00e9al, Qu\u00e9bec.\n- <a href='https:\/\/www.phragmites.crad.ulaval.ca\/wp-content\/uploads\/2021\/01\/Determinants-of-biotic-resistance-to-invasion-in-plant-community-assembly.pdf'>Download<\/a> <img src='https:\/\/www.phragmites.crad.ulaval.ca\/wp-content\/themes\/CRAD-Commun\/medias\/images\/pdf_icon.gif'><\/p><p><strong>KARATHANOS, S. 2015.<\/strong> <em>Lutte int\u00e9gr\u00e9e au roseau commun : pr\u00e9vention, confinement et \u00e9radication<\/em>. M\u00e9moire M. Sc., Institut de recherche en biologie v\u00e9g\u00e9tale, Universit\u00e9 de Montr\u00e9al, Montr\u00e9al, Qu\u00e9bec.\n- <a href='https:\/\/www.phragmites.crad.ulaval.ca\/wp-content\/uploads\/2021\/01\/Memoire_SK_2015-09-17.pdf'>Download<\/a> <img src='https:\/\/www.phragmites.crad.ulaval.ca\/wp-content\/themes\/CRAD-Commun\/medias\/images\/pdf_icon.gif'><\/p><p><strong>GAGNON LUPIEN, N. 2013.<\/strong> <em>Impact du roseau commun (<\/em>Phragmites australis<em>) sur les assemblages et le comportement des oiseaux dans des marais d\u2019eau douce du sud du Qu\u00e9bec.<\/em> M\u00e9moire M. Sc., Universit\u00e9 Laval, Qu\u00e9bec.\n- <a href='https:\/\/www.phragmites.crad.ulaval.ca\/wp-content\/uploads\/2021\/01\/GagnonLupien_20131.pdf'>Download<\/a> <img src='https:\/\/www.phragmites.crad.ulaval.ca\/wp-content\/themes\/CRAD-Commun\/medias\/images\/pdf_icon.gif'><\/p><p><strong>LOVAT, C. 2013.<\/strong> <em>Clinal variation and phenology in two congeners of<\/em> Phragmites australis <em>(Cav.) Trin. Ex Steud in Northeastern North America: Implications for Current Management and Future Climate Change.\u00a0<\/em>M\u00e9moire M. Sc., Universit\u00e9 McGill, Montr\u00e9al.\n- <a href='https:\/\/www.phragmites.crad.ulaval.ca\/wp-content\/uploads\/2021\/01\/Final_Thesis_Lovat.pdf'>Download<\/a> <img src='https:\/\/www.phragmites.crad.ulaval.ca\/wp-content\/themes\/CRAD-Commun\/medias\/images\/pdf_icon.gif'><\/p><p><strong>TOUGAS-TELLIER, M.-A. 2013.<\/strong> <em>Impact des changements climatiques sur l\u2019expansion du roseau envahisseur dans le fleuve Saint-Laurent.<\/em>\u00a0M\u00e9moire M. ATDR., Universit\u00e9 Laval, Qu\u00e9bec.\n- <a href='https:\/\/www.phragmites.crad.ulaval.ca\/wp-content\/uploads\/2021\/01\/MA-Tougas-Tellier.pdf'>Download<\/a> <img src='https:\/\/www.phragmites.crad.ulaval.ca\/wp-content\/themes\/CRAD-Commun\/medias\/images\/pdf_icon.gif'><\/p><p><strong>DENIS, J.-F. 2011.<\/strong> <em><em>Invasion dynamics of exotic and native common reed in freshwater wetlands.<\/em> <\/em>M\u00e9moire M.Sc., Universit\u00e9 McGill, Montr\u00e9al.<em><\/em>\n- <a href='https:\/\/www.phragmites.crad.ulaval.ca\/wp-content\/uploads\/2021\/01\/Denis.pdf'>Download<\/a> <img src='https:\/\/www.phragmites.crad.ulaval.ca\/wp-content\/themes\/CRAD-Commun\/medias\/images\/pdf_icon.gif'><\/p><p><strong>LAROCHELLE, M. 2011.<\/strong> <em>Effets de l\u2019envahissement de deux milieux humides d\u2019eau douce du fleuve Saint-Laurent par le roseau commun sur la reproduction et la croissance du grand brochet<\/em>. M\u00e9moire M.Sc., Universit\u00e9 Laval, Qu\u00e9bec.\n- <a href='https:\/\/www.phragmites.crad.ulaval.ca\/wp-content\/uploads\/2021\/01\/Larochelle-2011.pdf'>Download<\/a> <img src='https:\/\/www.phragmites.crad.ulaval.ca\/wp-content\/themes\/CRAD-Commun\/medias\/images\/pdf_icon.gif'><\/p><p><strong>PEREZ, A. 2011.<\/strong> <em>Le roseau commun (<\/em>Phragmites australis<em>) influence-t-il la composition sp\u00e9cifique et le d\u00e9veloppement larvaire d&#8217;amphibiens?<\/em> M\u00e9moire M.Sc., Universit\u00e9 de Montr\u00e9al, Montr\u00e9al.\n- <a href='https:\/\/www.phragmites.crad.ulaval.ca\/wp-content\/uploads\/2021\/01\/perez-memoire-2011.pdf'>Download<\/a> <img src='https:\/\/www.phragmites.crad.ulaval.ca\/wp-content\/themes\/CRAD-Commun\/medias\/images\/pdf_icon.gif'><\/p><p><strong>TADDEO, S. 2011.<\/strong> <em><em>Spatially explicit tools to assess invasion risks by <\/em><\/em>Phragmites australis<em><em> in freshwater wetlands.<\/em> <\/em>M\u00e9moire M.Sc., Universit\u00e9 McGill, Montr\u00e9al.<em><\/em>\n- <a href='https:\/\/www.phragmites.crad.ulaval.ca\/wp-content\/uploads\/2021\/01\/Taddeo.pdf'>Download<\/a> <img src='https:\/\/www.phragmites.crad.ulaval.ca\/wp-content\/themes\/CRAD-Commun\/medias\/images\/pdf_icon.gif'><\/p><p><strong>LEBLANC, M.-C. 2008.<\/strong> <em>Quels sont les facteurs qui expliquent l\u2019envahissement des berges du Grand lac Saint-Fran\u00e7ois par le roseau commun (<\/em>Phragmites australis<em>) ?<\/em> M\u00e9moire M.ATDR, Universit\u00e9 Laval, Qu\u00e9bec.\n- <a href='https:\/\/www.phragmites.crad.ulaval.ca\/wp-content\/uploads\/2021\/01\/LeBlanc.pdf'>Download<\/a> <img src='https:\/\/www.phragmites.crad.ulaval.ca\/wp-content\/themes\/CRAD-Commun\/medias\/images\/pdf_icon.gif'><\/p><p><strong>LELONG, B. 2008.<\/strong> <em>La diss\u00e9mination du roseau commun (<\/em>Phragmites australis<em>) dans le paysage qu\u00e9b\u00e9cois : une analyse spatio-temporelle.<\/em> Th\u00e8se Ph.D., Universit\u00e9 Laval, Qu\u00e9bec.\n- <a href='https:\/\/www.phragmites.crad.ulaval.ca\/wp-content\/uploads\/2021\/01\/Lelong_These_2008.pdf'>Download<\/a> <img src='https:\/\/www.phragmites.crad.ulaval.ca\/wp-content\/themes\/CRAD-Commun\/medias\/images\/pdf_icon.gif'><\/p><p><strong>PARADIS, \u00c9. 2008.<\/strong> <em>Effet de la salinit\u00e9 sur la comp\u00e9tition entre le roseau (<\/em>Phragmites australis<em>) et les quenouilles (<\/em>Typha spp.<em>).<\/em> M\u00e9moire M.Sc., Universit\u00e9 de Montr\u00e9al, Montr\u00e9al.\n- <a href='https:\/\/www.phragmites.crad.ulaval.ca\/wp-content\/uploads\/2021\/01\/Paradis_Memoire_2008.pdf'>Download<\/a> <img src='https:\/\/www.phragmites.crad.ulaval.ca\/wp-content\/themes\/CRAD-Commun\/medias\/images\/pdf_icon.gif'><\/p><p><strong>BELLAVANCE, M.-\u00c8. 2007.<\/strong> <em>Comp\u00e9tition intersp\u00e9cifique et plasticit\u00e9 morphologique chez<\/em> Phragmites australis <em>et le complexe<\/em> Typha latifolia \u2013 Typha angustifolia. M\u00e9moire M.Sc., Universit\u00e9 de Montr\u00e9al, Montr\u00e9al.\n<\/p><p><strong>JODOIN, Y. 2006.<\/strong> <em>Le roseau commun (<\/em>Phragmites australis<em>) en bordure des autoroutes du Qu\u00e9bec: une \u00e9tude g\u00e9n\u00e9tique et biog\u00e9ographique<\/em>. M\u00e9moire M.ATDR, Universit\u00e9 Laval, Qu\u00e9bec.\n- <a href='https:\/\/www.phragmites.crad.ulaval.ca\/wp-content\/uploads\/2021\/01\/YvonJodoin.pdf'>Download<\/a> <img src='https:\/\/www.phragmites.crad.ulaval.ca\/wp-content\/themes\/CRAD-Commun\/medias\/images\/pdf_icon.gif'><\/p><p><strong>MAHEU-GIROUX, M. 2005.<\/strong> <em>The landscape ecology of the invasive species <\/em>Phragmites australis <em> in anthropogenic linear wetlands<\/em>. M\u00e9moire M.Sc., Universit\u00e9 McGill, Montr\u00e9al.\n- <a href='https:\/\/www.phragmites.crad.ulaval.ca\/wp-content\/uploads\/2021\/01\/MathieuMaheu-Giroux.pdf'>Download<\/a> <img src='https:\/\/www.phragmites.crad.ulaval.ca\/wp-content\/themes\/CRAD-Commun\/medias\/images\/pdf_icon.gif'><\/p>\n","protected":false},"excerpt":{"rendered":"<p>Theses and Dissertations<\/p>\n","protected":false},"author":1,"featured_media":0,"parent":1940,"menu_order":1,"comment_status":"closed","ping_status":"closed","template":"site-commun.php","meta":{"_acf_changed":false,"footnotes":""},"class_list":["post-1945","page","type-page","status-publish","hentry"],"acf":[],"_links":{"self":[{"href":"https:\/\/www.phragmites.crad.ulaval.ca\/en\/wp-json\/wp\/v2\/pages\/1945","targetHints":{"allow":["GET"]}}],"collection":[{"href":"https:\/\/www.phragmites.crad.ulaval.ca\/en\/wp-json\/wp\/v2\/pages"}],"about":[{"href":"https:\/\/www.phragmites.crad.ulaval.ca\/en\/wp-json\/wp\/v2\/types\/page"}],"author":[{"embeddable":true,"href":"https:\/\/www.phragmites.crad.ulaval.ca\/en\/wp-json\/wp\/v2\/users\/1"}],"replies":[{"embeddable":true,"href":"https:\/\/www.phragmites.crad.ulaval.ca\/en\/wp-json\/wp\/v2\/comments?post=1945"}],"version-history":[{"count":1,"href":"https:\/\/www.phragmites.crad.ulaval.ca\/en\/wp-json\/wp\/v2\/pages\/1945\/revisions"}],"predecessor-version":[{"id":3380,"href":"https:\/\/www.phragmites.crad.ulaval.ca\/en\/wp-json\/wp\/v2\/pages\/1945\/revisions\/3380"}],"up":[{"embeddable":true,"href":"https:\/\/www.phragmites.crad.ulaval.ca\/en\/wp-json\/wp\/v2\/pages\/1940"}],"wp:attachment":[{"href":"https:\/\/www.phragmites.crad.ulaval.ca\/en\/wp-json\/wp\/v2\/media?parent=1945"}],"curies":[{"name":"wp","href":"https:\/\/api.w.org\/{rel}","templated":true}]}}