{"id":1976,"date":"2011-06-16T09:14:45","date_gmt":"2011-06-16T14:14:45","guid":{"rendered":"https:\/\/www.phragmites.crad.ulaval.ca\/dev\/?page_id=1976"},"modified":"2021-02-02T09:23:44","modified_gmt":"2021-02-02T14:23:44","slug":"report","status":"publish","type":"page","link":"https:\/\/www.phragmites.crad.ulaval.ca\/en\/publication\/report\/","title":{"rendered":"Reports"},"content":{"rendered":"<h1>Reports<\/h1>\n<p><strong>BOIVIN, P. & J. BRISSON. 2017.<\/strong> <em>Pr\u00e9venir et contr\u00f4ler l\u2019envahissement des autoroutes par le roseau commun<\/em> (Phragmites australis).<em> Volet intervention et suivi.<\/em> Institut de recherche en biologie v\u00e9g\u00e9tale, Universit\u00e9 de Montr\u00e9al, Montr\u00e9al. Rapport remis au Minist\u00e8re des Transports, Mobilit\u00e9 durable et de l&#8217;\u00c9lectrification des transports du Qu\u00e9bec, Qu\u00e9bec, 76\u00a0p.\n- <a href='https:\/\/www.phragmites.crad.ulaval.ca\/wp-content\/uploads\/2021\/01\/Boivin-et-Brisson-2017.pdf'>Download<\/a> <img src='https:\/\/www.phragmites.crad.ulaval.ca\/wp-content\/themes\/CRAD-Commun\/medias\/images\/pdf_icon.gif'><\/p><p><strong>DE BLOIS, S., L. BOISVERT-MARSH, R. SCHMUCKI, CA.. LOVAT, C. BYUN,  P. GOMEZ-GARCIA, R. OTFINOWSKI, E. GROENEVELD & C. LAVOIE. 2013.<\/strong> <em>Outils pour \u00e9valuer les risques d\u2019invasion biologique dans un contexte de changements climatiques.<\/em> Universit\u00e9 McGill. Montr\u00e9al, Qu\u00e9bec. 80 p. + annexes.\n- <a href='https:\/\/www.phragmites.crad.ulaval.ca\/wp-content\/uploads\/2021\/01\/2013-de-Blois_-Outils-invasion-biologique.pdf'>Download<\/a> <img src='https:\/\/www.phragmites.crad.ulaval.ca\/wp-content\/themes\/CRAD-Commun\/medias\/images\/pdf_icon.gif'><\/p><p><strong>BOIVIN, P., A. ALBERT & J. BRISSON. 2011.<\/strong> <em>Pr\u00e9venir et contr\u00f4ler l\u2019envahissement des autoroutes par le roseau commun. Volet intervention.<\/em> Institut de recherche en biologie v\u00e9g\u00e9tale, Universit\u00e9 de Montr\u00e9al, Montr\u00e9al. Rapport remis au Minist\u00e8re des Transports du Qu\u00e9bec, Qu\u00e9bec, 39 p.\n- <a href='https:\/\/www.phragmites.crad.ulaval.ca\/wp-content\/uploads\/2021\/01\/prevenir-controler-intervention2.pdf'>Download<\/a> <img src='https:\/\/www.phragmites.crad.ulaval.ca\/wp-content\/themes\/CRAD-Commun\/medias\/images\/pdf_icon.gif'><\/p><p><strong>LAVOIE, C. 2011.<\/strong> <em>Pr\u00e9venir et contr\u00f4ler l\u2019envahissement des autoroutes par le roseau commun. Volet analytique. <\/em>\u00c9cole sup\u00e9rieure d\u2019am\u00e9nagement du territoire et de d\u00e9veloppement r\u00e9gional, Universit\u00e9 Laval, Qu\u00e9bec. Rapport remis au Minist\u00e8re des Transports du Qu\u00e9bec, Qu\u00e9bec, 23 p.<em><\/em>\n- <a href='https:\/\/www.phragmites.crad.ulaval.ca\/wp-content\/uploads\/2021\/01\/prevenir-controler-analytique.pdf'>Download<\/a> <img src='https:\/\/www.phragmites.crad.ulaval.ca\/wp-content\/themes\/CRAD-Commun\/medias\/images\/pdf_icon.gif'><\/p><p><strong>LAVOIE, C. 2008.<\/strong> <em><\/em><em>Envahissement du roseau commun le long des corridors autoroutiers: \u00e9tat de situation, causes et gestion.<\/em> \u00c9tudes et recherches en transport, Minist\u00e8re des Transports du Qu\u00e9bec, Qu\u00e9bec, 160 p.\n- <a href='https:\/\/www.phragmites.crad.ulaval.ca\/wp-content\/uploads\/2021\/01\/Lavoie_Etudes_2008.pdf'>Download<\/a> <img src='https:\/\/www.phragmites.crad.ulaval.ca\/wp-content\/themes\/CRAD-Commun\/medias\/images\/pdf_icon.gif'><\/p><p><strong>LAVOIE, C. 2008.<\/strong> <em><\/em><em>Le roseau commun <\/em>(Phragmites australis)<em>: une menace pour les milieux humides du Qu\u00e9bec ?<\/em> Claude Lavoie, Qu\u00e9bec. Rapport remis au Comit\u00e9 interminist\u00e9riel du Gouvernement du Qu\u00e9bec sur le roseau commun et \u00e0 Canards Illimit\u00e9s Canada, Qu\u00e9bec, 44 p.\n- <a href='https:\/\/www.phragmites.crad.ulaval.ca\/wp-content\/uploads\/2021\/01\/PHRAGMITES_Rapport_QCCANILL_2008.pdf'>Download<\/a> <img src='https:\/\/www.phragmites.crad.ulaval.ca\/wp-content\/themes\/CRAD-Commun\/medias\/images\/pdf_icon.gif'><\/p><p><strong>LAVOIE, C. 2007.<\/strong> <em>Envahissement du roseau commun le long des corridors autoroutiers: \u00e9tat de situation, causes et gestion.<\/em> Centre de recherche en am\u00e9nagement et d\u00e9veloppement, Universit\u00e9 Laval,    Qu\u00e9bec. Rapport remis au Minist\u00e8re des Transports du Qu\u00e9bec, 63 p.\n- <a href='https:\/\/www.phragmites.crad.ulaval.ca\/wp-content\/uploads\/2021\/01\/Lavoie_2007.pdf'>Download<\/a> <img src='https:\/\/www.phragmites.crad.ulaval.ca\/wp-content\/themes\/CRAD-Commun\/medias\/images\/pdf_icon.gif'><\/p><p><strong>LAVOIE, C. & J. BRISSON 2007.<\/strong> <em>\u00c9tablissement d\u2019un maillage international entre le groupe de recherche <\/em>PHRAGMITES<em> et les sp\u00e9cialistes am\u00e9ricains de la lutte au roseau commun envahisseur.<\/em> Centre de recherche en am\u00e9nagement et d\u00e9veloppement, Universit\u00e9 Laval,    Qu\u00e9bec et Institut de recherche en biologie v\u00e9g\u00e9tale, Universit\u00e9 de    Montr\u00e9al, Montr\u00e9al. Rapport remis au Minist\u00e8re du D\u00e9veloppement durable,    de l\u2019Environnement et des Parcs du Qu\u00e9bec, 16 p.\n- <a href='https:\/\/www.phragmites.crad.ulaval.ca\/wp-content\/uploads\/2021\/01\/Lavoie_Brisson_2007.pdf'>Download<\/a> <img src='https:\/\/www.phragmites.crad.ulaval.ca\/wp-content\/themes\/CRAD-Commun\/medias\/images\/pdf_icon.gif'><\/p>\n","protected":false},"excerpt":{"rendered":"<p>Reports<\/p>\n","protected":false},"author":1,"featured_media":0,"parent":1940,"menu_order":4,"comment_status":"closed","ping_status":"closed","template":"site-commun.php","meta":{"_acf_changed":false,"footnotes":""},"class_list":["post-1976","page","type-page","status-publish","hentry"],"acf":[],"_links":{"self":[{"href":"https:\/\/www.phragmites.crad.ulaval.ca\/en\/wp-json\/wp\/v2\/pages\/1976","targetHints":{"allow":["GET"]}}],"collection":[{"href":"https:\/\/www.phragmites.crad.ulaval.ca\/en\/wp-json\/wp\/v2\/pages"}],"about":[{"href":"https:\/\/www.phragmites.crad.ulaval.ca\/en\/wp-json\/wp\/v2\/types\/page"}],"author":[{"embeddable":true,"href":"https:\/\/www.phragmites.crad.ulaval.ca\/en\/wp-json\/wp\/v2\/users\/1"}],"replies":[{"embeddable":true,"href":"https:\/\/www.phragmites.crad.ulaval.ca\/en\/wp-json\/wp\/v2\/comments?post=1976"}],"version-history":[{"count":1,"href":"https:\/\/www.phragmites.crad.ulaval.ca\/en\/wp-json\/wp\/v2\/pages\/1976\/revisions"}],"predecessor-version":[{"id":3383,"href":"https:\/\/www.phragmites.crad.ulaval.ca\/en\/wp-json\/wp\/v2\/pages\/1976\/revisions\/3383"}],"up":[{"embeddable":true,"href":"https:\/\/www.phragmites.crad.ulaval.ca\/en\/wp-json\/wp\/v2\/pages\/1940"}],"wp:attachment":[{"href":"https:\/\/www.phragmites.crad.ulaval.ca\/en\/wp-json\/wp\/v2\/media?parent=1976"}],"curies":[{"name":"wp","href":"https:\/\/api.w.org\/{rel}","templated":true}]}}